{"id":274,"date":"2018-10-03T22:38:26","date_gmt":"2018-10-03T22:38:26","guid":{"rendered":"https:\/\/jupiterx.artbees.net\/himalia\/?page_id=274"},"modified":"2020-04-13T18:59:44","modified_gmt":"2020-04-13T15:59:44","slug":"altini-cizdiklerim","status":"publish","type":"page","link":"https:\/\/selcuksariyar.com\/index.php\/altini-cizdiklerim\/","title":{"rendered":"Alt\u0131n\u0131 \u00c7izdiklerim"},"content":{"rendered":"\t\t<div data-elementor-type=\"wp-post\" data-elementor-id=\"274\" class=\"elementor elementor-274\" data-elementor-post-type=\"page\">\n\t\t\t\t\t\t\t\t\t<section class=\"elementor-section elementor-top-section elementor-element elementor-element-d5532ae elementor-section-full_width elementor-section-height-default elementor-section-height-default\" data-id=\"d5532ae\" data-element_type=\"section\">\n\t\t\t\t\t\t<div class=\"elementor-container elementor-column-gap-no\">\n\t\t\t\t\t<div class=\"elementor-column elementor-col-100 elementor-top-column elementor-element elementor-element-23f5142\" data-id=\"23f5142\" data-element_type=\"column\">\n\t\t\t<div class=\"elementor-widget-wrap elementor-element-populated\">\n\t\t\t\t\t\t\t\t<div class=\"elementor-element elementor-element-94ead6b elementor-widget elementor-widget-raven-posts\" data-id=\"94ead6b\" data-element_type=\"widget\" data-settings=\"{&quot;query_posts_per_page&quot;:&quot;9&quot;,&quot;_skin&quot;:&quot;cover&quot;,&quot;cover_show_pagination&quot;:&quot;yes&quot;,&quot;cover_pagination_type&quot;:&quot;load_more&quot;,&quot;cover_layout&quot;:&quot;grid&quot;,&quot;cover_columns&quot;:&quot;3&quot;,&quot;cover_columns_tablet&quot;:&quot;2&quot;,&quot;cover_columns_mobile&quot;:&quot;1&quot;,&quot;query_offset&quot;:0}\" data-widget_type=\"raven-posts.cover\">\n\t\t\t\t<div class=\"elementor-widget-container\">\n\t\t\t\t\t<div class=\"raven-posts raven-grid raven-grid-3 raven-grid-mobile-1 raven-grid-tablet-2\" data-post-id=\"274\" data-archive-query=\"\" data-lang=\"\">\n\t\t\t\t<div class=\"raven-grid-item raven-post-item post-256 post type-post status-publish format-standard has-post-thumbnail hentry category-altini-cizdiklerim\">\n\t\t\t<div class=\"raven-post raven-post-inside\">\n\t\t\t\t\t\t<div class=\"raven-post-image-wrap\">\n\t\t\t<div class=\"raven-post-image raven-image-fit\" ><span class=\"raven-post-image-overlay\"><\/span> <img loading=\"lazy\" width=\"750\" height=\"422\" src=\"https:\/\/selcuksariyar.com\/wp-content\/uploads\/2020\/04\/stefen-zeig.jpg\" class=\"attachment-large size-large wp-image-815\" alt=\"\" decoding=\"async\" srcset=\"https:\/\/selcuksariyar.com\/wp-content\/uploads\/2020\/04\/stefen-zeig.jpg 750w, https:\/\/selcuksariyar.com\/wp-content\/uploads\/2020\/04\/stefen-zeig-300x169.jpg 300w\" sizes=\"(max-width: 750px) 100vw, 750px\" \/><\/div>\t\t<\/div>\n\t\t\t\t\t\t\t<div class=\"raven-post-content\">\n\t\t\t\t\t\t<h3 class=\"raven-post-title\"><a class=\"raven-post-title-link\" href=\"https:\/\/selcuksariyar.com\/index.php\/2020\/04\/13\/bir-politikacinin-portresi\/\">FOUCHE (B\u0130R POL\u0130T\u0130KACININ PORTRES\u0130) \u2013 STEFAN ZWE\u0130G<\/a><\/h3>\t\t<div class=\"raven-post-read-more\">\n\t\t\t<a class=\"raven-post-button\" href=\"https:\/\/selcuksariyar.com\/index.php\/2020\/04\/13\/bir-politikacinin-portresi\/\"><span class=\"raven-post-button-text\">Devam\u0131n\u0131 oku<\/span><\/a>\n\t\t<\/div>\n\t\t\t\t\t\t\t<\/div>\n\t\t\t\t\t\t\t\t<\/div>\n\t\t<\/div>\n\t\t\t\t<div class=\"raven-grid-item raven-post-item post-262 post type-post status-publish format-standard has-post-thumbnail hentry category-altini-cizdiklerim\">\n\t\t\t<div class=\"raven-post raven-post-inside\">\n\t\t\t\t\t\t<div class=\"raven-post-image-wrap\">\n\t\t\t<div class=\"raven-post-image raven-image-fit\" ><span class=\"raven-post-image-overlay\"><\/span> <img loading=\"lazy\" width=\"848\" height=\"476\" src=\"https:\/\/selcuksariyar.com\/wp-content\/uploads\/2020\/04\/ZYGMUNT-BAUMAN.jpg\" class=\"attachment-large size-large wp-image-816\" alt=\"\" decoding=\"async\" srcset=\"https:\/\/selcuksariyar.com\/wp-content\/uploads\/2020\/04\/ZYGMUNT-BAUMAN.jpg 848w, https:\/\/selcuksariyar.com\/wp-content\/uploads\/2020\/04\/ZYGMUNT-BAUMAN-300x168.jpg 300w, https:\/\/selcuksariyar.com\/wp-content\/uploads\/2020\/04\/ZYGMUNT-BAUMAN-768x431.jpg 768w\" sizes=\"(max-width: 848px) 100vw, 848px\" \/><\/div>\t\t<\/div>\n\t\t\t\t\t\t\t<div class=\"raven-post-content\">\n\t\t\t\t\t\t<h3 class=\"raven-post-title\"><a class=\"raven-post-title-link\" href=\"https:\/\/selcuksariyar.com\/index.php\/2020\/04\/13\/kimlik-zygmunt-bauman\/\">K\u0130ML\u0130K \u2013 ZYGMUNT BAUMAN<\/a><\/h3>\t\t<div class=\"raven-post-read-more\">\n\t\t\t<a class=\"raven-post-button\" href=\"https:\/\/selcuksariyar.com\/index.php\/2020\/04\/13\/kimlik-zygmunt-bauman\/\"><span class=\"raven-post-button-text\">Devam\u0131n\u0131 oku<\/span><\/a>\n\t\t<\/div>\n\t\t\t\t\t\t\t<\/div>\n\t\t\t\t\t\t\t\t<\/div>\n\t\t<\/div>\n\t\t\t\t<div class=\"raven-grid-item raven-post-item post-253 post type-post status-publish format-standard has-post-thumbnail hentry category-altini-cizdiklerim\">\n\t\t\t<div class=\"raven-post raven-post-inside\">\n\t\t\t\t\t\t<div class=\"raven-post-image-wrap\">\n\t\t\t<div class=\"raven-post-image raven-image-fit\" ><span class=\"raven-post-image-overlay\"><\/span> <img loading=\"lazy\" width=\"740\" height=\"418\" src=\"https:\/\/selcuksariyar.com\/wp-content\/uploads\/2020\/04\/ercan-kesal.jpg\" class=\"attachment-large size-large wp-image-818\" alt=\"\" decoding=\"async\" srcset=\"https:\/\/selcuksariyar.com\/wp-content\/uploads\/2020\/04\/ercan-kesal.jpg 740w, https:\/\/selcuksariyar.com\/wp-content\/uploads\/2020\/04\/ercan-kesal-300x169.jpg 300w\" sizes=\"(max-width: 740px) 100vw, 740px\" \/><\/div>\t\t<\/div>\n\t\t\t\t\t\t\t<div class=\"raven-post-content\">\n\t\t\t\t\t\t<h3 class=\"raven-post-title\"><a class=\"raven-post-title-link\" href=\"https:\/\/selcuksariyar.com\/index.php\/2020\/04\/13\/nasipse-adayiz\/\">NAS\u0130PSE ADAYIZ &#8211; ERCAN KESAL<\/a><\/h3>\t\t<div class=\"raven-post-read-more\">\n\t\t\t<a class=\"raven-post-button\" href=\"https:\/\/selcuksariyar.com\/index.php\/2020\/04\/13\/nasipse-adayiz\/\"><span class=\"raven-post-button-text\">Devam\u0131n\u0131 oku<\/span><\/a>\n\t\t<\/div>\n\t\t\t\t\t\t\t<\/div>\n\t\t\t\t\t\t\t\t<\/div>\n\t\t<\/div>\n\t\t\t\t<div class=\"raven-grid-item raven-post-item post-250 post type-post status-publish format-standard has-post-thumbnail hentry category-altini-cizdiklerim\">\n\t\t\t<div class=\"raven-post raven-post-inside\">\n\t\t\t\t\t\t<div class=\"raven-post-image-wrap\">\n\t\t\t<div class=\"raven-post-image raven-image-fit\" ><span class=\"raven-post-image-overlay\"><\/span> <img loading=\"lazy\" width=\"680\" height=\"340\" src=\"https:\/\/selcuksariyar.com\/wp-content\/uploads\/2020\/04\/1_yDa-JMG1t0AnBqJ4hutlEw.jpeg\" class=\"attachment-large size-large wp-image-820\" alt=\"\" decoding=\"async\" srcset=\"https:\/\/selcuksariyar.com\/wp-content\/uploads\/2020\/04\/1_yDa-JMG1t0AnBqJ4hutlEw.jpeg 680w, https:\/\/selcuksariyar.com\/wp-content\/uploads\/2020\/04\/1_yDa-JMG1t0AnBqJ4hutlEw-300x150.jpeg 300w\" sizes=\"(max-width: 680px) 100vw, 680px\" \/><\/div>\t\t<\/div>\n\t\t\t\t\t\t\t<div class=\"raven-post-content\">\n\t\t\t\t\t\t<h3 class=\"raven-post-title\"><a class=\"raven-post-title-link\" href=\"https:\/\/selcuksariyar.com\/index.php\/2020\/04\/13\/beyaz-zambaklar-ulkesinde\/\">BEYAZ ZAMBAKLAR \u00dcLKES\u0130NDE \u2013 GR\u0130GOR\u0130TY PETROV<\/a><\/h3>\t\t<div class=\"raven-post-read-more\">\n\t\t\t<a class=\"raven-post-button\" href=\"https:\/\/selcuksariyar.com\/index.php\/2020\/04\/13\/beyaz-zambaklar-ulkesinde\/\"><span class=\"raven-post-button-text\">Devam\u0131n\u0131 oku<\/span><\/a>\n\t\t<\/div>\n\t\t\t\t\t\t\t<\/div>\n\t\t\t\t\t\t\t\t<\/div>\n\t\t<\/div>\n\t\t\t\t<div class=\"raven-grid-item raven-post-item post-247 post type-post status-publish format-standard has-post-thumbnail hentry category-altini-cizdiklerim\">\n\t\t\t<div class=\"raven-post raven-post-inside\">\n\t\t\t\t\t\t<div class=\"raven-post-image-wrap\">\n\t\t\t<div class=\"raven-post-image raven-image-fit\" ><span class=\"raven-post-image-overlay\"><\/span> <img loading=\"lazy\" width=\"719\" height=\"545\" src=\"https:\/\/selcuksariyar.com\/wp-content\/uploads\/2020\/04\/108585689_waller.jpg\" class=\"attachment-large size-large wp-image-823\" alt=\"\" decoding=\"async\" srcset=\"https:\/\/selcuksariyar.com\/wp-content\/uploads\/2020\/04\/108585689_waller.jpg 719w, https:\/\/selcuksariyar.com\/wp-content\/uploads\/2020\/04\/108585689_waller-300x227.jpg 300w\" sizes=\"(max-width: 719px) 100vw, 719px\" \/><\/div>\t\t<\/div>\n\t\t\t\t\t\t\t<div class=\"raven-post-content\">\n\t\t\t\t\t\t<h3 class=\"raven-post-title\"><a class=\"raven-post-title-link\" href=\"https:\/\/selcuksariyar.com\/index.php\/2020\/04\/13\/kaos-belirsizlik\/\">KAOS VE BEL\u0130RS\u0130ZL\u0130K \u2013 IMMANUEL WALLERSTEIN<\/a><\/h3>\t\t<div class=\"raven-post-read-more\">\n\t\t\t<a class=\"raven-post-button\" href=\"https:\/\/selcuksariyar.com\/index.php\/2020\/04\/13\/kaos-belirsizlik\/\"><span class=\"raven-post-button-text\">Devam\u0131n\u0131 oku<\/span><\/a>\n\t\t<\/div>\n\t\t\t\t\t\t\t<\/div>\n\t\t\t\t\t\t\t\t<\/div>\n\t\t<\/div>\n\t\t\t\t<div class=\"raven-grid-item raven-post-item post-244 post type-post status-publish format-standard has-post-thumbnail hentry category-altini-cizdiklerim\">\n\t\t\t<div class=\"raven-post raven-post-inside\">\n\t\t\t\t\t\t<div class=\"raven-post-image-wrap\">\n\t\t\t<div class=\"raven-post-image raven-image-fit\" ><span class=\"raven-post-image-overlay\"><\/span> <img loading=\"lazy\" width=\"810\" height=\"458\" src=\"https:\/\/selcuksariyar.com\/wp-content\/uploads\/2020\/04\/levent-gultekin.jpg\" class=\"attachment-large size-large wp-image-824\" alt=\"\" decoding=\"async\" srcset=\"https:\/\/selcuksariyar.com\/wp-content\/uploads\/2020\/04\/levent-gultekin.jpg 810w, https:\/\/selcuksariyar.com\/wp-content\/uploads\/2020\/04\/levent-gultekin-300x170.jpg 300w, https:\/\/selcuksariyar.com\/wp-content\/uploads\/2020\/04\/levent-gultekin-768x434.jpg 768w\" sizes=\"(max-width: 810px) 100vw, 810px\" \/><\/div>\t\t<\/div>\n\t\t\t\t\t\t\t<div class=\"raven-post-content\">\n\t\t\t\t\t\t<h3 class=\"raven-post-title\"><a class=\"raven-post-title-link\" href=\"https:\/\/selcuksariyar.com\/index.php\/2020\/04\/13\/onurlu-cikis\/\">ONURLU \u00c7IKI\u015e &#8211; LEVENT G\u00dcLTEK\u0130N<\/a><\/h3>\t\t<div class=\"raven-post-read-more\">\n\t\t\t<a class=\"raven-post-button\" href=\"https:\/\/selcuksariyar.com\/index.php\/2020\/04\/13\/onurlu-cikis\/\"><span class=\"raven-post-button-text\">Devam\u0131n\u0131 oku<\/span><\/a>\n\t\t<\/div>\n\t\t\t\t\t\t\t<\/div>\n\t\t\t\t\t\t\t\t<\/div>\n\t\t<\/div>\n\t\t\t\t<div class=\"raven-grid-item raven-post-item post-240 post type-post status-publish format-standard has-post-thumbnail hentry category-altini-cizdiklerim\">\n\t\t\t<div class=\"raven-post raven-post-inside\">\n\t\t\t\t\t\t<div class=\"raven-post-image-wrap\">\n\t\t\t<div class=\"raven-post-image raven-image-fit\" ><span class=\"raven-post-image-overlay\"><\/span> <img loading=\"lazy\" width=\"512\" height=\"336\" src=\"https:\/\/selcuksariyar.com\/wp-content\/uploads\/2020\/04\/unnamed.jpg\" class=\"attachment-large size-large wp-image-826\" alt=\"\" decoding=\"async\" srcset=\"https:\/\/selcuksariyar.com\/wp-content\/uploads\/2020\/04\/unnamed.jpg 512w, https:\/\/selcuksariyar.com\/wp-content\/uploads\/2020\/04\/unnamed-300x197.jpg 300w\" sizes=\"(max-width: 512px) 100vw, 512px\" \/><\/div>\t\t<\/div>\n\t\t\t\t\t\t\t<div class=\"raven-post-content\">\n\t\t\t\t\t\t<h3 class=\"raven-post-title\"><a class=\"raven-post-title-link\" href=\"https:\/\/selcuksariyar.com\/index.php\/2020\/04\/13\/nulla-consectetur-nisi\/\">TOPLUMU YEN\u0130DEN KURMAK &#8211; MURRAY BOOKCHIN<\/a><\/h3>\t\t<div class=\"raven-post-read-more\">\n\t\t\t<a class=\"raven-post-button\" href=\"https:\/\/selcuksariyar.com\/index.php\/2020\/04\/13\/nulla-consectetur-nisi\/\"><span class=\"raven-post-button-text\">Devam\u0131n\u0131 oku<\/span><\/a>\n\t\t<\/div>\n\t\t\t\t\t\t\t<\/div>\n\t\t\t\t\t\t\t\t<\/div>\n\t\t<\/div>\n\t\t\t\t<\/div>\n\t\t\t\t<\/div>\n\t\t\t\t<\/div>\n\t\t\t\t\t<\/div>\n\t\t<\/div>\n\t\t\t\t\t\t\t<\/div>\n\t\t<\/section>\n\t\t\t\t\t\t\t<\/div>\n\t\t","protected":false},"excerpt":{"rendered":"<p>FOUCHE (B\u0130R POL\u0130T\u0130KACININ PORTRES\u0130) \u2013 STEFAN ZWE\u0130G Devam\u0131n\u0131 oku K\u0130ML\u0130K \u2013 ZYGMUNT BAUMAN Devam\u0131n\u0131 oku NAS\u0130PSE ADAYIZ &#8211; ERCAN KESAL Devam\u0131n\u0131 oku BEYAZ ZAMBAKLAR \u00dcLKES\u0130NDE \u2013 GR\u0130GOR\u0130TY PETROV Devam\u0131n\u0131 oku KAOS VE BEL\u0130RS\u0130ZL\u0130K \u2013 IMMANUEL WALLERSTEIN Devam\u0131n\u0131 oku ONURLU \u00c7IKI\u015e &#8211; LEVENT G\u00dcLTEK\u0130N Devam\u0131n\u0131 oku TOPLUMU YEN\u0130DEN KURMAK &#8211; MURRAY BOOKCHIN Devam\u0131n\u0131 oku<\/p>\n","protected":false},"author":1,"featured_media":0,"parent":0,"menu_order":0,"comment_status":"closed","ping_status":"closed","template":"full-width.php","meta":{"footnotes":""},"_links":{"self":[{"href":"https:\/\/selcuksariyar.com\/index.php\/wp-json\/wp\/v2\/pages\/274"}],"collection":[{"href":"https:\/\/selcuksariyar.com\/index.php\/wp-json\/wp\/v2\/pages"}],"about":[{"href":"https:\/\/selcuksariyar.com\/index.php\/wp-json\/wp\/v2\/types\/page"}],"author":[{"embeddable":true,"href":"https:\/\/selcuksariyar.com\/index.php\/wp-json\/wp\/v2\/users\/1"}],"replies":[{"embeddable":true,"href":"https:\/\/selcuksariyar.com\/index.php\/wp-json\/wp\/v2\/comments?post=274"}],"version-history":[{"count":7,"href":"https:\/\/selcuksariyar.com\/index.php\/wp-json\/wp\/v2\/pages\/274\/revisions"}],"predecessor-version":[{"id":929,"href":"https:\/\/selcuksariyar.com\/index.php\/wp-json\/wp\/v2\/pages\/274\/revisions\/929"}],"wp:attachment":[{"href":"https:\/\/selcuksariyar.com\/index.php\/wp-json\/wp\/v2\/media?parent=274"}],"curies":[{"name":"wp","href":"https:\/\/api.w.org\/{rel}","templated":true}]}}